{"id":425,"date":"2025-02-22T14:40:52","date_gmt":"2025-02-22T14:40:52","guid":{"rendered":"https:\/\/paxray.com\/cookie-notice\/"},"modified":"2025-08-26T09:21:08","modified_gmt":"2025-08-26T09:21:08","slug":"cookie-notice","status":"publish","type":"page","link":"https:\/\/paxray.com\/de\/cookie-notice\/","title":{"rendered":"Cookie-Hinweise"},"content":{"rendered":"<h2>1\u00a0&#8211;\u00a0Arten von Cookies<\/h2>\n<p>Zur Steigerung der Benutzerfreundlichkeit und zur Erfassung von Informationen \u00fcber die Nutzung unserer Website setzen wir auf sitzungsbasierte und dauerhafte Cookies sowie \u00e4hnliche Technologien wie Web-Beacons. Diese Cookies k\u00f6nnen entweder von uns selbst erstellt werden (First-Party-Cookies) oder von von uns autorisierten Drittanbietern (Third-Party-Cookies). Im n\u00e4chsten Abschnitt werden die verschiedenen Arten von Cookies erl\u00e4utert.<\/p>\n<h3>1.1\u00a0&#8211;\u00a0Notwendige Cookies<\/h3>\n<p>Diese Cookies sind unverzichtbar f\u00fcr die reibungslose Funktion der Website und k\u00f6nnen nicht deaktiviert werden. Sie werden typischerweise nur aktiviert, wenn Sie Aktionen ausf\u00fchren, die einer Serviceanfrage gleichkommen, wie das Einstellen Ihrer Datenschutzeinstellungen, das Einloggen oder das Ausf\u00fcllen von Formularen. Sie haben die M\u00f6glichkeit, in Ihrem Browser die Blockierung dieser Cookies einzustellen oder darauf hingewiesen zu werden, jedoch k\u00f6nnen einige Bereiche der Website dann m\u00f6glicherweise nicht korrekt funktionieren. Diese Cookies speichern keine pers\u00f6nlich identifizierbaren Informationen.<\/p>\n<h3>1.2\u00a0&#8211;\u00a0Leistungs-Cookies<\/h3>\n<p>Diese Cookies erm\u00f6glichen es uns, Besuche und Verkehrsquellen zu verfolgen, um die Leistung unserer Website zu analysieren und zu verbessern. Sie helfen uns zu verstehen, welche Seiten am meisten frequentiert werden und wie sich die Nutzer auf der Website bewegen. Alle durch diese Cookies gesammelten Informationen werden anonymisiert und aggregiert. Wenn Sie diese Cookies nicht zulassen, k\u00f6nnen wir nicht nachvollziehen, wann Sie unsere Website besucht haben, und sind nicht in der Lage, die Leistung zu \u00fcberwachen.<\/p>\n<h3>1.3\u00a0&#8211;\u00a0Funktionale Cookies<\/h3>\n<p>Diese Cookies verbessern die Funktionalit\u00e4t und Personalisierung der Website. Sie k\u00f6nnen von uns oder von Drittanbietern gesetzt werden, deren Dienste wir auf unserer Website integriert haben. Ohne diese Cookies k\u00f6nnten bestimmte Dienste m\u00f6glicherweise nicht ordnungsgem\u00e4\u00df funktionieren.<\/p>\n<h3>1.4\u00a0&#8211;\u00a0Marketing-Cookies<\/h3>\n<p>Diese Cookies k\u00f6nnen von unseren Werbepartnern auf unserer Website platziert werden. Sie erm\u00f6glichen es diesen Unternehmen, ein Profil Ihrer Interessen zu erstellen und Ihnen relevante Werbung auf anderen Websites anzuzeigen. Diese Cookies speichern keine pers\u00f6nlichen Daten, sondern basieren lediglich auf der Identifizierung Ihres Browsers und Ger\u00e4ts im Internet. Falls Sie diese Cookies nicht zulassen, erhalten Sie weniger gezielte Werbung.<\/p>\n<h2>2\u00a0&#8211;\u00a0Cookie-Einstellungen<\/h2>\n<p>Wenn Sie Ihre Cookie-Einstellungen auf dieser Website \u00fcberpr\u00fcfen oder anpassen m\u00f6chten, finden Sie in der linken unteren Bildschirmecke einen Button, um das Datenschutz-Pr\u00e4ferenzzentrum zu \u00f6ffnen. Sie haben jederzeit die M\u00f6glichkeit, diese Einstellungen zu \u00e4ndern, indem Sie auf diese Seite zur\u00fcckkehren und Ihre Anpassungen vornehmen. Es besteht auch die M\u00f6glichkeit, die Verwendung von Cookies generell zu verhindern, indem Sie in Ihrem Browser das Speichern von Cookies deaktivieren. Bitte beachten Sie jedoch, dass dies dazu f\u00fchren kann, dass bestimmte Merkmale oder Funktionen unserer Website nur eingeschr\u00e4nkt verf\u00fcgbar sind. Dar\u00fcber hinaus k\u00f6nnen Sie bestimmte Cookies von Drittanbietern manuell ablehnen, indem Sie den Anweisungen in deren Datenschutzerkl\u00e4rungen folgen.<\/p>\n<h2>3 &#8211; Cookie-Erkl\u00e4rung<\/h2>\n<p class=\"CookieDeclarationDialogText\">This website uses cookies. We use cookies to personalise content and ads, to provide social media features and to analyse our traffic. We also share information about your use of our site with our social media, advertising and analytics partners who may combine it with other information that you\u2019ve provided to them or that they\u2019ve collected from your use of their services.<\/p>\n<p>Your consent applies to the following domains: paxray.com<\/p>\n<p class=\"CookieDeclarationLastUpdated\">Cookie declaration last updated on 8\/7\/25 by\u00a0<a title=\"Cookiebot\" href=\"https:\/\/www.cookiebot.com\/\" target=\"_blank\" rel=\"noopener\">Cookiebot<\/a>:<\/p>\n<div class=\"legal__cookie\">\n<div class=\"legal__cookie-text\">\n<div class=\"CookieDeclarationType\" dir=\"ltr\" lang=\"en\">\n<p class=\"CookieDeclarationTypeHeader\">Necessary (8)<\/p>\n<p class=\"CookieDeclarationTypeDescription\">Necessary cookies help make a website usable by enabling basic functions like page navigation and access to secure areas of the website. The website cannot function properly without these cookies.<\/p>\n<table class=\"CookieDeclarationTable\">\n<colgroup>\n<col \/>\n<col \/>\n<col \/>\n<col \/>\n<col \/><\/colgroup>\n<thead>\n<tr>\n<th class=\"CookieDeclarationTableHeader\" dir=\"ltr\" scope=\"col\">Name<\/th>\n<th class=\"CookieDeclarationTableHeader\" dir=\"ltr\" scope=\"col\">Provider<\/th>\n<th class=\"CookieDeclarationTableHeader\" dir=\"ltr\" scope=\"col\">Purpose<\/th>\n<th class=\"CookieDeclarationTableHeader\" dir=\"ltr\" scope=\"col\">Maximum Storage Duration<\/th>\n<th class=\"CookieDeclarationTableHeader\" dir=\"ltr\" scope=\"col\">Type<\/th>\n<\/tr>\n<\/thead>\n<tbody>\n<tr>\n<td class=\"CookieDeclarationTableCell\">__cf_bm<\/td>\n<td class=\"CookieDeclarationTableCell\"><a title=\"Calendly&#039;s privacy policy\" href=\"https:\/\/calendly.com\/pages\/privacy#cookies-and-other-tracking-mechanisms\" target=\"_blank\" rel=\"noopener noreferrer nofollow\">Calendly<\/a><\/td>\n<td class=\"CookieDeclarationTableCell\">This cookie is used to distinguish between humans and bots. This is beneficial for the website, in order to make valid reports on the use of their website.<\/td>\n<td class=\"CookieDeclarationTableCell\">1 day<\/td>\n<td class=\"CookieDeclarationTableCell\">HTTP Cookie<\/td>\n<\/tr>\n<tr>\n<td class=\"CookieDeclarationTableCell\">__cfruid<\/td>\n<td class=\"CookieDeclarationTableCell\"><a title=\"Calendly&#039;s privacy policy\" href=\"https:\/\/calendly.com\/pages\/privacy#cookies-and-other-tracking-mechanisms\" target=\"_blank\" rel=\"noopener noreferrer nofollow\">Calendly<\/a><\/td>\n<td class=\"CookieDeclarationTableCell\">This cookie is a part of the services provided by Cloudflare &#8211; Including load-balancing, deliverance of website content and serving DNS connection for website operators.<\/td>\n<td class=\"CookieDeclarationTableCell\">Session<\/td>\n<td class=\"CookieDeclarationTableCell\">HTTP Cookie<\/td>\n<\/tr>\n<tr>\n<td class=\"CookieDeclarationTableCell\">_calendly_session<\/td>\n<td class=\"CookieDeclarationTableCell\"><a title=\"Calendly&#039;s privacy policy\" href=\"https:\/\/calendly.com\/pages\/privacy#cookies-and-other-tracking-mechanisms\" target=\"_blank\" rel=\"noopener noreferrer nofollow\">Calendly<\/a><\/td>\n<td class=\"CookieDeclarationTableCell\">If consent is given by the visitor, this cookie allows the website to add events into the visitor&#8217;s calendar.<\/td>\n<td class=\"CookieDeclarationTableCell\">21 days<\/td>\n<td class=\"CookieDeclarationTableCell\">HTTP Cookie<\/td>\n<\/tr>\n<tr>\n<td class=\"CookieDeclarationTableCell\">_cfuvid<\/td>\n<td class=\"CookieDeclarationTableCell\"><a title=\"Calendly&#039;s privacy policy\" href=\"https:\/\/calendly.com\/pages\/privacy#cookies-and-other-tracking-mechanisms\" target=\"_blank\" rel=\"noopener noreferrer nofollow\">Calendly<\/a><\/td>\n<td class=\"CookieDeclarationTableCell\">This cookie is a part of the services provided by Cloudflare &#8211; Including load-balancing, deliverance of website content and serving DNS connection for website operators.<\/td>\n<td class=\"CookieDeclarationTableCell\">Session<\/td>\n<td class=\"CookieDeclarationTableCell\">HTTP Cookie<\/td>\n<\/tr>\n<tr>\n<td class=\"CookieDeclarationTableCell\">CookieConsent<\/td>\n<td class=\"CookieDeclarationTableCell\"><a title=\"Cookiebot&#039;s privacy policy\" href=\"https:\/\/www.cookiebot.com\/goto\/privacy-policy\/\" target=\"_blank\" rel=\"noopener noreferrer nofollow\">Cookiebot<\/a><\/td>\n<td class=\"CookieDeclarationTableCell\">Stores the user&#8217;s cookie consent state for the current domain<\/td>\n<td class=\"CookieDeclarationTableCell\">1 year<\/td>\n<td class=\"CookieDeclarationTableCell\">HTTP Cookie<\/td>\n<\/tr>\n<tr>\n<td class=\"CookieDeclarationTableCell\">OptanonConsent<\/td>\n<td class=\"CookieDeclarationTableCell\">cdn.cookielaw.org<\/td>\n<td class=\"CookieDeclarationTableCell\">Determines whether the visitor has accepted the cookie consent box. This ensures that the cookie consent box will not be presented again upon re-entry.<\/td>\n<td class=\"CookieDeclarationTableCell\">1 year<\/td>\n<td class=\"CookieDeclarationTableCell\">HTTP Cookie<\/td>\n<\/tr>\n<tr>\n<td class=\"CookieDeclarationTableCell\">rc::a<\/td>\n<td class=\"CookieDeclarationTableCell\"><a title=\"Google&#039;s privacy policy\" href=\"https:\/\/business.safety.google\/privacy\/\" target=\"_blank\" rel=\"noopener noreferrer nofollow\">Google<\/a><\/td>\n<td class=\"CookieDeclarationTableCell\">This cookie is used to distinguish between humans and bots. This is beneficial for the website, in order to make valid reports on the use of their website.<\/td>\n<td class=\"CookieDeclarationTableCell\">Persistent<\/td>\n<td class=\"CookieDeclarationTableCell\">HTML Local Storage<\/td>\n<\/tr>\n<tr>\n<td class=\"CookieDeclarationTableCell\">rc::c<\/td>\n<td class=\"CookieDeclarationTableCell\"><a title=\"Google&#039;s privacy policy\" href=\"https:\/\/business.safety.google\/privacy\/\" target=\"_blank\" rel=\"noopener noreferrer nofollow\">Google<\/a><\/td>\n<td class=\"CookieDeclarationTableCell\">This cookie is used to distinguish between humans and bots.<\/td>\n<td class=\"CookieDeclarationTableCell\">Session<\/td>\n<td class=\"CookieDeclarationTableCell\">HTML Local Storage<\/td>\n<\/tr>\n<\/tbody>\n<\/table>\n<\/div>\n<div class=\"CookieDeclarationType\" dir=\"ltr\" lang=\"en\">\n<p class=\"CookieDeclarationTypeHeader\">Statistics (1)<\/p>\n<p class=\"CookieDeclarationTypeDescription\">Statistic cookies help website owners to understand how visitors interact with websites by collecting and reporting information anonymously.<\/p>\n<table class=\"CookieDeclarationTable\">\n<colgroup>\n<col \/>\n<col \/>\n<col \/>\n<col \/>\n<col \/><\/colgroup>\n<thead>\n<tr>\n<th class=\"CookieDeclarationTableHeader\" dir=\"ltr\" scope=\"col\">Name<\/th>\n<th class=\"CookieDeclarationTableHeader\" dir=\"ltr\" scope=\"col\">Provider<\/th>\n<th class=\"CookieDeclarationTableHeader\" dir=\"ltr\" scope=\"col\">Purpose<\/th>\n<th class=\"CookieDeclarationTableHeader\" dir=\"ltr\" scope=\"col\">Maximum Storage Duration<\/th>\n<th class=\"CookieDeclarationTableHeader\" dir=\"ltr\" scope=\"col\">Type<\/th>\n<\/tr>\n<\/thead>\n<tbody>\n<tr>\n<td class=\"CookieDeclarationTableCell\">dd_cookie_test_#<\/td>\n<td class=\"CookieDeclarationTableCell\"><a title=\"Calendly&#039;s privacy policy\" href=\"https:\/\/calendly.com\/pages\/privacy#cookies-and-other-tracking-mechanisms\" target=\"_blank\" rel=\"noopener noreferrer nofollow\">Calendly<\/a><\/td>\n<td class=\"CookieDeclarationTableCell\">Registers data on visitors&#8216; website-behaviour. This is used for internal analysis and website optimization.<\/td>\n<td class=\"CookieDeclarationTableCell\">1 day<\/td>\n<td class=\"CookieDeclarationTableCell\">HTTP Cookie<\/td>\n<\/tr>\n<\/tbody>\n<\/table>\n<\/div>\n<div class=\"CookieDeclarationType\" dir=\"ltr\" lang=\"en\">\n<p class=\"CookieDeclarationTypeHeader\">Marketing (2)<\/p>\n<p class=\"CookieDeclarationTypeDescription\">Marketing cookies are used to track visitors across websites. The intention is to display ads that are relevant and engaging for the individual user and thereby more valuable for publishers and third party advertisers.<\/p>\n<table class=\"CookieDeclarationTable\">\n<colgroup>\n<col \/>\n<col \/>\n<col \/>\n<col \/>\n<col \/><\/colgroup>\n<thead>\n<tr>\n<th class=\"CookieDeclarationTableHeader\" dir=\"ltr\" scope=\"col\">Name<\/th>\n<th class=\"CookieDeclarationTableHeader\" dir=\"ltr\" scope=\"col\">Provider<\/th>\n<th class=\"CookieDeclarationTableHeader\" dir=\"ltr\" scope=\"col\">Purpose<\/th>\n<th class=\"CookieDeclarationTableHeader\" dir=\"ltr\" scope=\"col\">Maximum Storage Duration<\/th>\n<th class=\"CookieDeclarationTableHeader\" dir=\"ltr\" scope=\"col\">Type<\/th>\n<\/tr>\n<\/thead>\n<tbody>\n<tr>\n<td class=\"CookieDeclarationTableCell\">_ga<\/td>\n<td class=\"CookieDeclarationTableCell\"><a title=\"Google&#039;s privacy policy\" href=\"https:\/\/business.safety.google\/privacy\/\" target=\"_blank\" rel=\"noopener noreferrer nofollow\">Google<\/a><\/td>\n<td class=\"CookieDeclarationTableCell\">Used to send data to Google Analytics about the visitor&#8217;s device and behavior. Tracks the visitor across devices and marketing channels.<\/td>\n<td class=\"CookieDeclarationTableCell\">2 years<\/td>\n<td class=\"CookieDeclarationTableCell\">HTTP Cookie<\/td>\n<\/tr>\n<tr>\n<td class=\"CookieDeclarationTableCell\">_ga_#<\/td>\n<td class=\"CookieDeclarationTableCell\"><a title=\"Google&#039;s privacy policy\" href=\"https:\/\/business.safety.google\/privacy\/\" target=\"_blank\" rel=\"noopener noreferrer nofollow\">Google<\/a><\/td>\n<td class=\"CookieDeclarationTableCell\">Used to send data to Google Analytics about the visitor&#8217;s device and behavior. Tracks the visitor across devices and marketing channels.<\/td>\n<td class=\"CookieDeclarationTableCell\">2 years<\/td>\n<td class=\"CookieDeclarationTableCell\">HTTP Cookie<\/td>\n<\/tr>\n<\/tbody>\n<\/table>\n<\/div>\n<div class=\"CookieDeclarationType\" dir=\"ltr\" lang=\"en\">\n<p class=\"CookieDeclarationTypeHeader\">Unclassified (2)<\/p>\n<p class=\"CookieDeclarationTypeDescription\">Unclassified cookies are cookies that we are in the process of classifying, together with the providers of individual cookies.<\/p>\n<table class=\"CookieDeclarationTable\">\n<colgroup>\n<col \/>\n<col \/>\n<col \/>\n<col \/>\n<col \/><\/colgroup>\n<thead>\n<tr>\n<th class=\"CookieDeclarationTableHeader\" dir=\"ltr\" scope=\"col\">Name<\/th>\n<th class=\"CookieDeclarationTableHeader\" dir=\"ltr\" scope=\"col\">Provider<\/th>\n<th class=\"CookieDeclarationTableHeader\" dir=\"ltr\" scope=\"col\">Purpose<\/th>\n<th class=\"CookieDeclarationTableHeader\" dir=\"ltr\" scope=\"col\">Maximum Storage Duration<\/th>\n<th class=\"CookieDeclarationTableHeader\" dir=\"ltr\" scope=\"col\">Type<\/th>\n<\/tr>\n<\/thead>\n<tbody>\n<tr>\n<td class=\"CookieDeclarationTableCell\">_cache<\/td>\n<td class=\"CookieDeclarationTableCell\"><a title=\"Calendly&#039;s privacy policy\" href=\"https:\/\/calendly.com\/pages\/privacy#cookies-and-other-tracking-mechanisms\" target=\"_blank\" rel=\"noopener noreferrer nofollow\">Calendly<\/a><\/td>\n<td class=\"CookieDeclarationTableCell\">Pending<\/td>\n<td class=\"CookieDeclarationTableCell\">Persistent<\/td>\n<td class=\"CookieDeclarationTableCell\">HTML Local Storage<\/td>\n<\/tr>\n<tr>\n<td class=\"CookieDeclarationTableCell\">showInitialCookieBanner<\/td>\n<td class=\"CookieDeclarationTableCell\">paxray.com<\/td>\n<td class=\"CookieDeclarationTableCell\">Pending<\/td>\n<td class=\"CookieDeclarationTableCell\">Persistent<\/td>\n<td class=\"CookieDeclarationTableCell\">HTML Local Storage<\/td>\n<\/tr>\n<\/tbody>\n<\/table>\n<\/div>\n<\/div>\n<\/div>\n","protected":false},"excerpt":{"rendered":"<p>1\u00a0&#8211;\u00a0Arten von Cookies Zur Steigerung der Benutzerfreundlichkeit und zur Erfassung von Informationen \u00fcber die Nutzung unserer Website setzen wir auf sitzungsbasierte und dauerhafte Cookies sowie \u00e4hnliche Technologien wie Web-Beacons. Diese Cookies k\u00f6nnen entweder von uns selbst erstellt werden (First-Party-Cookies) oder von von uns autorisierten Drittanbietern (Third-Party-Cookies). Im n\u00e4chsten Abschnitt werden die verschiedenen Arten von Cookies<\/p>\n","protected":false},"author":1,"featured_media":0,"parent":0,"menu_order":0,"comment_status":"closed","ping_status":"closed","template":"template-toc.php","meta":{"_acf_changed":false,"footnotes":""},"class_list":["post-425","page","type-page","status-publish","hentry"],"acf":[],"_links":{"self":[{"href":"https:\/\/paxray.com\/de\/wp-json\/wp\/v2\/pages\/425","targetHints":{"allow":["GET"]}}],"collection":[{"href":"https:\/\/paxray.com\/de\/wp-json\/wp\/v2\/pages"}],"about":[{"href":"https:\/\/paxray.com\/de\/wp-json\/wp\/v2\/types\/page"}],"author":[{"embeddable":true,"href":"https:\/\/paxray.com\/de\/wp-json\/wp\/v2\/users\/1"}],"replies":[{"embeddable":true,"href":"https:\/\/paxray.com\/de\/wp-json\/wp\/v2\/comments?post=425"}],"version-history":[{"count":0,"href":"https:\/\/paxray.com\/de\/wp-json\/wp\/v2\/pages\/425\/revisions"}],"wp:attachment":[{"href":"https:\/\/paxray.com\/de\/wp-json\/wp\/v2\/media?parent=425"}],"curies":[{"name":"wp","href":"https:\/\/api.w.org\/{rel}","templated":true}]}}