{"id":417,"date":"2025-07-31T11:03:12","date_gmt":"2025-07-31T11:03:12","guid":{"rendered":"https:\/\/paxray.com\/contact\/"},"modified":"2025-08-28T11:55:24","modified_gmt":"2025-08-28T11:55:24","slug":"contact","status":"publish","type":"page","link":"https:\/\/paxray.com\/de\/contact\/","title":{"rendered":"Kontakt"},"content":{"rendered":"<p>Buche Sie einen Termin und lassen Sie sich von unseren Prozessexperten zeigen, wie Sie Arbeitsabl\u00e4ufe transparent und messbar machen, Optimierungspotenziale entdecken und Automatisierung dort einsetzt, wo Sie den gr\u00f6\u00dften Mehrwert bringen.<\/p>\n<ol>\n<li><strong>Status Quo:<\/strong> Wir besprechen Ihre aktuelle Situation und welche Herausforderungen Sie l\u00f6sen m\u00f6chten<\/li>\n<li><strong>Individuelle Tour:<\/strong> Abgestimmt auf Ihren Use Case, sehen Sie wie wir Ihre Herausforderung durch Paxray adressieren k\u00f6nnen.<\/li>\n<li><strong>Beratung &amp; Tipps:<\/strong> Sie erhalten konkrete L\u00f6sungsideen, Einblick in unsere Preisgestaltung und verstehen den Mehrwert von Paxray f\u00fcr Ihr Unternehmen.<\/li>\n<\/ol>\n","protected":false},"excerpt":{"rendered":"<p>Buche Sie einen Termin und lassen Sie sich von unseren Prozessexperten zeigen, wie Sie Arbeitsabl\u00e4ufe transparent und messbar machen, Optimierungspotenziale entdecken und Automatisierung dort einsetzt, wo Sie den gr\u00f6\u00dften Mehrwert bringen. Status Quo: Wir besprechen Ihre aktuelle Situation und welche Herausforderungen Sie l\u00f6sen m\u00f6chten Individuelle Tour: Abgestimmt auf Ihren Use Case, sehen Sie wie wir<\/p>\n","protected":false},"author":1,"featured_media":0,"parent":0,"menu_order":0,"comment_status":"closed","ping_status":"closed","template":"template-contact.php","meta":{"_acf_changed":false,"footnotes":""},"class_list":["post-417","page","type-page","status-publish","hentry"],"acf":[],"_links":{"self":[{"href":"https:\/\/paxray.com\/de\/wp-json\/wp\/v2\/pages\/417","targetHints":{"allow":["GET"]}}],"collection":[{"href":"https:\/\/paxray.com\/de\/wp-json\/wp\/v2\/pages"}],"about":[{"href":"https:\/\/paxray.com\/de\/wp-json\/wp\/v2\/types\/page"}],"author":[{"embeddable":true,"href":"https:\/\/paxray.com\/de\/wp-json\/wp\/v2\/users\/1"}],"replies":[{"embeddable":true,"href":"https:\/\/paxray.com\/de\/wp-json\/wp\/v2\/comments?post=417"}],"version-history":[{"count":0,"href":"https:\/\/paxray.com\/de\/wp-json\/wp\/v2\/pages\/417\/revisions"}],"wp:attachment":[{"href":"https:\/\/paxray.com\/de\/wp-json\/wp\/v2\/media?parent=417"}],"curies":[{"name":"wp","href":"https:\/\/api.w.org\/{rel}","templated":true}]}}